{"id":18,"date":"2025-08-19T19:53:16","date_gmt":"2025-08-19T19:53:16","guid":{"rendered":"https:\/\/grupogregge.com\/?page_id=18"},"modified":"2025-10-14T14:58:42","modified_gmt":"2025-10-14T17:58:42","slug":"home","status":"publish","type":"page","link":"https:\/\/grupogregge.com\/en\/","title":{"rendered":"Home"},"content":{"rendered":"<section class=\"bde-section-18-161 bde-section\">\n  \n  \n\t\n\n\n\n<div class=\"section-container\"><div class=\"bde-advancedslider-18-162 bde-advancedslider\">\n<div class=\"breakdance-swiper-wrapper\" data-swiper-id=\"162\">\n  <div class=\"swiper\">\n    <div class=\"swiper-wrapper\">\n      <div class=\"bde-advancedslide-18-173 bde-advancedslide swiper-slide\"><div class=\"advanced-slider__slide\">\r\n  <div class=\"bde-div-18-174 bde-div\">\n  \n  \n\t\n\n\n\n<h2 class=\"bde-dual-heading-18-178 bde-dual-heading\">\n\n\n            <span data-style=\"primary\" class=\"dual-heading--primary\">Group<\/span>\n\n            <span data-style=\"secondary\" class=\"dual-heading--secondary\">Gregge<\/span>\n\n\n\n<\/h2><div class=\"bde-text-18-176 bde-text\">\nConnecting markets, creating opportunities\n<\/div>\n<\/div>\r\n<\/div><\/div><div class=\"bde-advancedslide-18-184 bde-advancedslide swiper-slide\"><div class=\"advanced-slider__slide\">\r\n  <div class=\"bde-div-18-185 bde-div\">\n  \n  \n\t\n\n\n\n<h2 class=\"bde-dual-heading-18-186 bde-dual-heading\">\n\n\n            <span data-style=\"primary\" class=\"dual-heading--primary\">International<\/span>\n\n            <span data-style=\"secondary\" class=\"dual-heading--secondary\">Trade<\/span>\n\n\n\n<\/h2><div class=\"bde-text-18-187 bde-text\">\nWe are a multinational company dedicated to the commercialization of gourmet food products, grains for animal feed and integral logistic solutions.\n<\/div>\n<\/div>\r\n<\/div><\/div><div class=\"bde-advancedslide-18-188 bde-advancedslide swiper-slide\"><div class=\"advanced-slider__slide\">\r\n  <div class=\"bde-div-18-189 bde-div\">\n  \n  \n\t\n\n\n\n<h2 class=\"bde-dual-heading-18-190 bde-dual-heading\">\n\n\n            <span data-style=\"secondary\" class=\"dual-heading--secondary\">Marketing<\/span>\n\n\n\n<\/h2><div class=\"bde-text-18-191 bde-text\">\nOur purpose is to connect international markets efficiently, safely and sustainably, providing value and confidence to our customers and strategic allies at every stage of the supply chain.\n<\/div>\n<\/div>\r\n<\/div><\/div><div class=\"bde-advancedslide-18-440 bde-advancedslide swiper-slide\"><div class=\"advanced-slider__slide\">\r\n  <div class=\"bde-div-18-441 bde-div\">\n  \n  \n\t\n\n\n\n<h2 class=\"bde-dual-heading-18-442 bde-dual-heading\">\n\n\n            <span data-style=\"primary\" class=\"dual-heading--primary\">Our<\/span>\n\n            <span data-style=\"secondary\" class=\"dual-heading--secondary\">Essence<\/span>\n\n\n\n<\/h2><ul class=\"bde-basic-list-18-444 bde-basic-list\">\n  <li  >    \n          International quality\n      <\/li>\n  <li  >    \n          Experience and confidence\n      <\/li>\n  <li  >    \n          Innovation and sustainability\n      <\/li>\n<\/ul>\n<\/div>\r\n<\/div><\/div>\n    <\/div>\n  <\/div>\n\n              <div class=\"swiper-button-prev\">\n            \n        <\/div>\n        <div class=\"swiper-button-next\">\n            \n        <\/div>\n    \n            <div class=\"swiper-pagination\"><\/div>\n    \n<\/div>\n\n<\/div><\/div>\n<\/section><section id=\"quienes_somos\" class=\"bde-section-18-527 bde-section\">\n  \n  \n\t\n\n\n\n<div class=\"section-container\"><div class=\"bde-columns-18-528 bde-columns\"><div class=\"bde-column-18-529 bde-column\">\n  \n  \n\t\n\n\n\n<div class=\"bde-div-18-554 bde-div\">\n  \n  \n\t\n\n\n\n<h2 class=\"bde-dual-heading-18-555 bde-dual-heading\">\n\n\n            <span data-style=\"primary\" class=\"dual-heading--primary\">Who<\/span>\n\n            <span data-style=\"secondary\" class=\"dual-heading--secondary\">we are<\/span>\n\n\n\n<\/h2><div class=\"bde-button-18-556 bde-button\">\n    \n                        \n                        \n    \n    \n    \n    \n            \n                    \n            \n            \n\n    \n    \n    \n    \n    \n    <a class=\"breakdance-link button-atom button-atom--custom bde-button__button\" href=\"https:\/\/grupogregge.com\/en\/quienes-somos\/\" target=\"_self\" data-type=\"url\"  >\n\n    \n        <span class=\"button-atom__text\">Read more<\/span>\n\n        \n        \n                <\/a>\n\n    \n\n\n<\/div>\n<\/div><div class=\"bde-text-18-531 bde-text\">\nGrupo Gregge is an Uruguayan company with multinational deployment that was created in 2020 in Uruguay with the vision of being a strategic partner in international trade with products of high quality standards for both human and animal consumption. We have developed a solid network of suppliers, customers and strategic allies that allow us to operate in different markets with excellence.\n<\/div>\n<\/div><\/div><div class=\"bde-columns-18-532 bde-columns\"><div class=\"bde-column-18-533 bde-column\">\n  \n  \n\t\n\n\n\n<div class=\"bde-image-18-534 bde-image\">\n<figure class=\"breakdance-image breakdance-image--289\">\n\t<div class=\"breakdance-image-container\">\n\t\t<div class=\"breakdance-image-clip\"><img loading=\"lazy\" decoding=\"async\" class=\"breakdance-image-object\" src=\"https:\/\/grupogregge.com\/wp-content\/uploads\/2025\/09\/the-importance-of-container-shipping-its-role-and-trends-in-global-trade-ww.jpeg\" width=\"1536\" height=\"1152\" srcset=\"https:\/\/grupogregge.com\/wp-content\/uploads\/2025\/09\/the-importance-of-container-shipping-its-role-and-trends-in-global-trade-ww.jpeg 1536w, https:\/\/grupogregge.com\/wp-content\/uploads\/2025\/09\/the-importance-of-container-shipping-its-role-and-trends-in-global-trade-ww-300x225.jpeg 300w, https:\/\/grupogregge.com\/wp-content\/uploads\/2025\/09\/the-importance-of-container-shipping-its-role-and-trends-in-global-trade-ww-1024x768.jpeg 1024w, https:\/\/grupogregge.com\/wp-content\/uploads\/2025\/09\/the-importance-of-container-shipping-its-role-and-trends-in-global-trade-ww-768x576.jpeg 768w\" sizes=\"auto, (max-width: 1536px) 100vw, 1536px\"><\/div>\n\t<\/div><\/figure>\n\n<\/div>\n<\/div><div class=\"bde-column-18-535 bde-column\">\n  \n  \n\t\n\n\n\n<div class=\"bde-text-18-558 bde-text\">\nGrupo Gregge is composed of a staff of highly specialized professionals in the areas of foreign trade, international logistics, port services and agricultural technical advice, achieving a trend in the quality of our daily work, as well as in the different services we provide, to facilitate the development of international trade, access to markets for our products and the connection of international markets.\n<\/div>\n<\/div><\/div><\/div>\n<\/section><section id=\"lineas_de_negocio\" class=\"bde-section-18-506 bde-section\">\n  \n  \n\t\n\n\n\n<div class=\"section-container\"><div class=\"bde-columns-18-507 bde-columns\"><div class=\"bde-column-18-508 bde-column\">\n  \n  \n\t\n\n\n\n<div class=\"bde-div-18-509 bde-div\">\n  \n  \n\t\n\n\n\n<h2 class=\"bde-dual-heading-18-510 bde-dual-heading\">\n\n\n            <span data-style=\"primary\" class=\"dual-heading--primary\">Business<\/span>\n\n            <span data-style=\"secondary\" class=\"dual-heading--secondary\">Lines<\/span>\n\n\n\n<\/h2><div class=\"bde-button-18-511 bde-button\">\n    \n                        \n                        \n    \n    \n    \n    \n            \n                    \n            \n            \n\n    \n    \n    \n    \n    \n    <a class=\"breakdance-link button-atom button-atom--custom bde-button__button\" href=\"https:\/\/grupogregge.com\/en\/lineas-de-negocio\/\" target=\"_self\" data-type=\"url\"  >\n\n    \n        <span class=\"button-atom__text\">Read more<\/span>\n\n        \n        \n                <\/a>\n\n    \n\n\n<\/div>\n<\/div><div class=\"bde-text-18-512 bde-text\">\nAt Grupo Gregge we develop our activities in three main areas, our objective is to connect international markets in an efficient and sustainable manner, providing value and confidence at each stage of the supply chain.\n<\/div>\n<\/div><\/div><div class=\"bde-columns-18-513 bde-columns\"><div class=\"bde-column-18-514 bde-column\">\n  \n  \n\t\n\n\n\n<a class=\"bde-container-link-18-515 bde-container-link premium-hover breakdance-link\" href=\"https:\/\/grupogregge.com\/en\/lineas-de-negocio\/#productos_gourmet\" target=\"_self\" data-type=\"url\">\n  \n  \n\t\n\n\n\n<div class=\"bde-image-18-516 bde-image\">\n<figure class=\"breakdance-image breakdance-image--469\">\n\t<div class=\"breakdance-image-container\">\n\t\t<div class=\"breakdance-image-clip\"><img loading=\"lazy\" decoding=\"async\" class=\"breakdance-image-object\" src=\"https:\/\/grupogregge.com\/wp-content\/uploads\/2025\/09\/img-3.jpg\" width=\"470\" height=\"666\" srcset=\"https:\/\/grupogregge.com\/wp-content\/uploads\/2025\/09\/img-3.jpg 470w, https:\/\/grupogregge.com\/wp-content\/uploads\/2025\/09\/img-3-212x300.jpg 212w, https:\/\/grupogregge.com\/wp-content\/uploads\/2025\/09\/img-3-8x12.jpg 8w\" sizes=\"auto, (max-width: 470px) 100vw, 470px\"><\/div>\n\t<\/div><\/figure>\n\n<\/div><h3 class=\"bde-heading-18-517 bde-heading\">\nGourmet Products\n<\/h3>\n\n<\/a>\n<\/div><div class=\"bde-column-18-525 bde-column\">\n  \n  \n\t\n\n\n\n<a class=\"bde-container-link-18-518 bde-container-link premium-hover breakdance-link\" href=\"https:\/\/grupogregge.com\/en\/lineas-de-negocio\/#servicios_logisticos\" target=\"_self\" data-type=\"url\">\n  \n  \n\t\n\n\n\n<div class=\"bde-image-18-519 bde-image\">\n<figure class=\"breakdance-image breakdance-image--283\">\n\t<div class=\"breakdance-image-container\">\n\t\t<div class=\"breakdance-image-clip\"><img loading=\"lazy\" decoding=\"async\" class=\"breakdance-image-object\" src=\"https:\/\/grupogregge.com\/wp-content\/uploads\/2025\/09\/pexels-mdx014-799091.jpg\" width=\"640\" height=\"425\" srcset=\"https:\/\/grupogregge.com\/wp-content\/uploads\/2025\/09\/pexels-mdx014-799091.jpg 640w, https:\/\/grupogregge.com\/wp-content\/uploads\/2025\/09\/pexels-mdx014-799091-300x199.jpg 300w\" sizes=\"auto, (max-width: 640px) 100vw, 640px\"><\/div>\n\t<\/div><\/figure>\n\n<\/div><h3 class=\"bde-heading-18-520 bde-heading\">\nLogistics Solutions\n<\/h3>\n\n<\/a>\n<\/div><div class=\"bde-column-18-526 bde-column\">\n  \n  \n\t\n\n\n\n<a class=\"bde-container-link-18-522 bde-container-link premium-hover breakdance-link\" href=\"https:\/\/grupogregge.com\/en\/lineas-de-negocio\/#granos_alimentacion_animal\" target=\"_self\" data-type=\"url\">\n  \n  \n\t\n\n\n\n<div class=\"bde-image-18-523 bde-image\">\n<figure class=\"breakdance-image breakdance-image--186\">\n\t<div class=\"breakdance-image-container\">\n\t\t<div class=\"breakdance-image-clip\"><img loading=\"lazy\" decoding=\"async\" class=\"breakdance-image-object\" src=\"https:\/\/grupogregge.com\/wp-content\/uploads\/2025\/08\/L4HDVjqozBNUmuJM4EZYnV-1200-80-min.jpg\" width=\"1200\" height=\"1600\" srcset=\"https:\/\/grupogregge.com\/wp-content\/uploads\/2025\/08\/L4HDVjqozBNUmuJM4EZYnV-1200-80-min.jpg 1200w, https:\/\/grupogregge.com\/wp-content\/uploads\/2025\/08\/L4HDVjqozBNUmuJM4EZYnV-1200-80-min-225x300.jpg 225w, https:\/\/grupogregge.com\/wp-content\/uploads\/2025\/08\/L4HDVjqozBNUmuJM4EZYnV-1200-80-min-768x1024.jpg 768w, https:\/\/grupogregge.com\/wp-content\/uploads\/2025\/08\/L4HDVjqozBNUmuJM4EZYnV-1200-80-min-1152x1536.jpg 1152w\" sizes=\"auto, (max-width: 1200px) 100vw, 1200px\"><\/div>\n\t<\/div><\/figure>\n\n<\/div><h3 class=\"bde-heading-18-524 bde-heading\">\nAnimal Feed Grains\n<\/h3>\n\n<\/a>\n<\/div><\/div><div class=\"bde-code-block-18-557 bde-code-block\">\n\n\n\n<\/div><\/div>\n<\/section><section id=\"contacto\" class=\"bde-section-18-420 bde-section\">\n  \n  \n\t\n\n\n\n<div class=\"section-container\"><h2 class=\"bde-dual-heading-18-439 bde-dual-heading\">\n\n\n            <span data-style=\"primary\" class=\"dual-heading--primary\">Contact<\/span>\n\n\n\n<\/h2><div class=\"bde-div-18-421 bde-div\">\n  \n  \n\t\n\n\n\n<div class=\"bde-icon-box-18-422 bde-icon-box\">\n\n    \n            <div class=\"ee-iconbox-icon breakdance-icon-atom\" >\n    \n                    <svg xmlns=\"http:\/\/www.w3.org\/2000\/svg\" width=\"19\" height=\"19\" viewbox=\"0 0 19 19\" fill=\"none\">\n<path d=\"M17.0002 8.99901H19.0002C19.0002 3.869 15.1272 0 9.99023 0V2C14.0522 2 17.0002 4.943 17.0002 8.99901Z\" fill=\"white\"\/>\n<path d=\"M10.0003 6C12.1033 6 13.0003 6.897 13.0003 9H15.0003C15.0003 5.775 13.2253 4 10.0003 4V6ZM13.4223 11.443C13.2301 11.2684 12.9776 11.1752 12.7181 11.1832C12.4586 11.1913 12.2123 11.2998 12.0313 11.486L9.63829 13.947C9.06229 13.837 7.90429 13.476 6.71229 12.287C5.52029 11.094 5.15929 9.933 5.05229 9.361L7.51129 6.967C7.6977 6.78613 7.80642 6.53982 7.81445 6.28021C7.82248 6.02059 7.72917 5.76804 7.55429 5.576L3.85929 1.513C3.68433 1.32035 3.44116 1.2035 3.18144 1.18725C2.92171 1.17101 2.66588 1.25665 2.46828 1.426L0.298282 3.287C0.125393 3.46051 0.0222015 3.69145 0.00828197 3.936C-0.00671804 4.186 -0.292718 10.108 4.29929 14.702C8.30529 18.707 13.3233 19 14.7053 19C14.9073 19 15.0313 18.994 15.0643 18.992C15.3088 18.9783 15.5396 18.8747 15.7123 18.701L17.5723 16.53C17.7418 16.3325 17.8276 16.0768 17.8115 15.8171C17.7955 15.5573 17.6788 15.3141 17.4863 15.139L13.4223 11.443Z\" fill=\"white\"\/>\n<\/svg>\n        \n        \n        \n            <\/div>\n    \n\n<div class=\"ee-iconbox-content\">\n      <h5 class=\"ee-iconbox-title bde-h3\" >Phone<\/h5>\n        <div class=\"ee-iconbox-text\" >+54 9 3364 20-2422<\/div>\n    <\/div>\n\n<\/div><div class=\"bde-icon-box-18-432 bde-icon-box\">\n\n    \n            <div class=\"ee-iconbox-icon breakdance-icon-atom\" >\n    \n                    <svg xmlns=\"http:\/\/www.w3.org\/2000\/svg\" viewbox=\"0 0 384 512\"><!--! Font Awesome Free 6.5.1 by @fontawesome - https:\/\/fontawesome.com License - https:\/\/fontawesome.com\/license\/free (Icons: CC BY 4.0, Fonts: SIL OFL 1.1, Code: MIT License) Copyright 2023 Fonticons, Inc. --><path d=\"M48 0C21.5 0 0 21.5 0 48V464c0 26.5 21.5 48 48 48h96V432c0-26.5 21.5-48 48-48s48 21.5 48 48v80h96c26.5 0 48-21.5 48-48V48c0-26.5-21.5-48-48-48H48zM64 240c0-8.8 7.2-16 16-16h32c8.8 0 16 7.2 16 16v32c0 8.8-7.2 16-16 16H80c-8.8 0-16-7.2-16-16V240zm112-16h32c8.8 0 16 7.2 16 16v32c0 8.8-7.2 16-16 16H176c-8.8 0-16-7.2-16-16V240c0-8.8 7.2-16 16-16zm80 16c0-8.8 7.2-16 16-16h32c8.8 0 16 7.2 16 16v32c0 8.8-7.2 16-16 16H272c-8.8 0-16-7.2-16-16V240zM80 96h32c8.8 0 16 7.2 16 16v32c0 8.8-7.2 16-16 16H80c-8.8 0-16-7.2-16-16V112c0-8.8 7.2-16 16-16zm80 16c0-8.8 7.2-16 16-16h32c8.8 0 16 7.2 16 16v32c0 8.8-7.2 16-16 16H176c-8.8 0-16-7.2-16-16V112zM272 96h32c8.8 0 16 7.2 16 16v32c0 8.8-7.2 16-16 16H272c-8.8 0-16-7.2-16-16V112c0-8.8 7.2-16 16-16z\"\/><\/svg>\n        \n        \n        \n            <\/div>\n    \n\n<div class=\"ee-iconbox-content\">\n      <h5 class=\"ee-iconbox-title bde-h3\" >Address<\/h5>\n        <div class=\"ee-iconbox-text\" >+54 9 3364 20-2422<\/div>\n    <\/div>\n\n<\/div><div class=\"bde-icon-box-18-433 bde-icon-box\">\n\n    \n            <div class=\"ee-iconbox-icon breakdance-icon-atom\" >\n    \n                    <svg xmlns=\"http:\/\/www.w3.org\/2000\/svg\" viewbox=\"0 0 512 512\"><!--! Font Awesome Free 6.5.1 by @fontawesome - https:\/\/fontawesome.com License - https:\/\/fontawesome.com\/license\/free (Icons: CC BY 4.0, Fonts: SIL OFL 1.1, Code: MIT License) Copyright 2023 Fonticons, Inc. --><path d=\"M48 64C21.5 64 0 85.5 0 112c0 15.1 7.1 29.3 19.2 38.4L236.8 313.6c11.4 8.5 27 8.5 38.4 0L492.8 150.4c12.1-9.1 19.2-23.3 19.2-38.4c0-26.5-21.5-48-48-48H48zM0 176V384c0 35.3 28.7 64 64 64H448c35.3 0 64-28.7 64-64V176L294.4 339.2c-22.8 17.1-54 17.1-76.8 0L0 176z\"\/><\/svg>\n        \n        \n        \n            <\/div>\n    \n\n<div class=\"ee-iconbox-content\">\n      <h5 class=\"ee-iconbox-title bde-h3\" >Email<\/h5>\n        <div class=\"ee-iconbox-text\" >info@grupogregge.com<\/div>\n    <\/div>\n\n<\/div>\n<\/div><div class=\"bde-columns-18-434 bde-columns\"><div class=\"bde-column-18-435 bde-column\">\n  \n  \n\t\n\n\n\n<div class=\"bde-form-builder-18-436 bde-form-builder\">\n\n<form id=\"contact-form436\" class=\"breakdance-form breakdance-form--vertical\" data-options=\"{&quot;slug&quot;:&quot;custom&quot;,&quot;name&quot;:&quot;Contact Form&quot;,&quot;ajaxUrl&quot;:&quot;https:\\\/\\\/grupogregge.com\\\/wp-admin\\\/admin-ajax.php&quot;,&quot;clearOnSuccess&quot;:true,&quot;hideOnSuccess&quot;:false,&quot;successMessage&quot;:&quot;Tu mensaje ha sido enviado.&quot;,&quot;errorMessage&quot;:&quot;Algo sali\\u00f3 mal con tu mensaje.&quot;,&quot;redirect&quot;:false,&quot;redirectUrl&quot;:&quot;&quot;,&quot;customJavaScript&quot;:&quot;&quot;,&quot;recaptcha&quot;:{&quot;key&quot;:&quot;&quot;,&quot;enabled&quot;:false},&quot;honeypot_enabled&quot;:false,&quot;popupsOnSuccess&quot;:[],&quot;popupsOnError&quot;:[]}\" data-steps=\"0\" action=\"\" >\n  \n  \n  \n<div class=\"breakdance-form-field breakdance-form-field--text\" >\n    \n    \n            <label class=\"breakdance-form-field__label\" for=\"name\">\n            First and Last Name<span class=\"breakdance-form-field__required\">*<\/span>\n        <\/label>\n    \n    <input\n    class=\"breakdance-form-field__input\"\n    id=\"name\"\n    aria-describedby=\"name\"\n    type=\"text\"\n    name=\"fields[name]\"\n    placeholder=\"\"\n    value=\"\"\n                \n        \n        \n    required\n>\n\n\n    \n    \n<\/div>\n\n\n<div class=\"breakdance-form-field breakdance-form-field--email\" >\n    \n    \n            <label class=\"breakdance-form-field__label\" for=\"email\">\n            Email<span class=\"breakdance-form-field__required\">*<\/span>\n        <\/label>\n    \n    <input\n    class=\"breakdance-form-field__input\"\n    id=\"email\"\n    aria-describedby=\"email\"\n    type=\"email\"\n    name=\"fields[email]\"\n    placeholder=\"\"\n    value=\"\"\n                \n        \n        \n    required\n>\n\n\n    \n    \n<\/div>\n\n\n<div class=\"breakdance-form-field breakdance-form-field--tel\" >\n    \n    \n            <label class=\"breakdance-form-field__label\" for=\"jyqgqb\">\n            Phone\n        <\/label>\n    \n    <input\n    class=\"breakdance-form-field__input\"\n    id=\"jyqgqb\"\n    aria-describedby=\"jyqgqb\"\n    type=\"tel\"\n    name=\"fields[jyqgqb]\"\n    placeholder=\"\"\n    value=\"\"\n                \n        \n        \n    \n    \n    \n    \n>\n\n\n    \n    \n<\/div>\n\n\n<div class=\"breakdance-form-field breakdance-form-field--textarea\" >\n    \n    \n            <label class=\"breakdance-form-field__label\" for=\"message\">\n            Message<span class=\"breakdance-form-field__required\">*<\/span>\n        <\/label>\n    \n    <textarea\n    class=\"breakdance-form-field__input\"\n    id=\"message\"\n    aria-describedby=\"message\"\n    type=\"textarea\"\n    name=\"fields[message]\"\n        placeholder=\"\"\n    required\n>\n<\/textarea>\n\n\n    \n    \n<\/div>\n\n\n  \n\n<div class=\"breakdance-form-field breakdance-form-footer\">\n    \n    \n                                    \n    \n    \n    \n    \n            \n            <button type=\"submit\" class=\"button-atom button-atom--primary breakdance-form-button breakdance-form-button__submit\"  >\n    \n        <span class=\"button-atom__text\">Send message<\/span>\n\n        \n        \n            <\/button>\n    \n    <input type=\"hidden\" name=\"form_id\" value=\"436\">\n    <input type=\"hidden\" name=\"post_id\" value=\"18\">\n<\/div>\n\n  \n<input type=\"hidden\" name=\"trp-form-language\" value=\"en\"\/><\/form>\n\n\n<\/div>\n<\/div><div class=\"bde-column-18-437 bde-column\">\n  \n  \n\t\n\n\n\n<div class=\"bde-google-map-18-438 bde-google-map\">\r\n<iframe width=\"100%\" height=\"100%\" style=\"border:0\" loading=\"lazy\" title=\"Map\" src=\"https:\/\/maps.google.com\/maps?q=Jos%C3%A9+Benito+Lamas+2838%2C+Montevideo%2C+Uruguay&t=m&z=16&output=embed&iwloc=near\" allowfullscreen><\/iframe>\n<\/div>\n<\/div><\/div><\/div>\n<\/section>","protected":false},"excerpt":{"rendered":"<p>Grupo Gregge Conectamos mercados. Creamos oportunidades Comercio Internacional Somos una empresa multinacional, dedicada a la comercializaci\u00f3n de productos alimenticios gourmet, granos para alimentaci\u00f3n animal y soluciones log\u00edsticas integrales. Comercializaci\u00f3n Nuestro prop\u00f3sito es conectar mercados internacionales de manera eficiente, segura y sostenible, brindando valor y confianza a nuestros clientes y aliados estrat\u00e9gicos en cada etapa de [&hellip;]<\/p>","protected":false},"author":1,"featured_media":0,"parent":0,"menu_order":0,"comment_status":"closed","ping_status":"closed","template":"","meta":{"_breakdance_hide_in_design_set":false,"_breakdance_tags":"","footnotes":""},"class_list":["post-18","page","type-page","status-publish","hentry"],"_links":{"self":[{"href":"https:\/\/grupogregge.com\/en\/wp-json\/wp\/v2\/pages\/18","targetHints":{"allow":["GET"]}}],"collection":[{"href":"https:\/\/grupogregge.com\/en\/wp-json\/wp\/v2\/pages"}],"about":[{"href":"https:\/\/grupogregge.com\/en\/wp-json\/wp\/v2\/types\/page"}],"author":[{"embeddable":true,"href":"https:\/\/grupogregge.com\/en\/wp-json\/wp\/v2\/users\/1"}],"replies":[{"embeddable":true,"href":"https:\/\/grupogregge.com\/en\/wp-json\/wp\/v2\/comments?post=18"}],"version-history":[{"count":107,"href":"https:\/\/grupogregge.com\/en\/wp-json\/wp\/v2\/pages\/18\/revisions"}],"predecessor-version":[{"id":549,"href":"https:\/\/grupogregge.com\/en\/wp-json\/wp\/v2\/pages\/18\/revisions\/549"}],"wp:attachment":[{"href":"https:\/\/grupogregge.com\/en\/wp-json\/wp\/v2\/media?parent=18"}],"curies":[{"name":"wp","href":"https:\/\/api.w.org\/{rel}","templated":true}]}}