{"id":59,"date":"2025-08-20T00:00:37","date_gmt":"2025-08-20T00:00:37","guid":{"rendered":"https:\/\/grupogregge.com\/?page_id=59"},"modified":"2025-10-02T21:47:54","modified_gmt":"2025-10-03T00:47:54","slug":"quienes-somos","status":"publish","type":"page","link":"https:\/\/grupogregge.com\/en\/quienes-somos\/","title":{"rendered":"Who we are"},"content":{"rendered":"<section class=\"bde-section-59-314 bde-section\">\n  \n  \n\t\n\n\n\n<div class=\"section-container\"><div class=\"bde-columns-59-315 bde-columns\"><div class=\"bde-column-59-316 bde-column\">\n  \n  \n\t\n\n\n\n<h2 class=\"bde-dual-heading-59-332 bde-dual-heading\">\n\n\n            <span data-style=\"primary\" class=\"dual-heading--primary\">Who<\/span>\n\n            <span data-style=\"secondary\" class=\"dual-heading--secondary\">we are<\/span>\n\n\n\n<\/h2><div class=\"bde-text-59-319 bde-text\">\nGrupo Gregge is an Uruguayan company with multinational deployment that was created in 2020 in Uruguay with the vision of being a strategic partner in international trade with products of high quality standards for both human and animal consumption. We have developed a solid network of suppliers, customers and strategic allies that allow us to operate in different markets with excellence.\n<\/div>\n<\/div><\/div><div class=\"bde-columns-59-324 bde-columns\"><div class=\"bde-column-59-325 bde-column\">\n  \n  \n\t\n\n\n\n<div class=\"bde-image-59-326 bde-image\">\n<figure class=\"breakdance-image breakdance-image--289\">\n\t<div class=\"breakdance-image-container\">\n\t\t<div class=\"breakdance-image-clip\"><img loading=\"lazy\" decoding=\"async\" class=\"breakdance-image-object\" src=\"https:\/\/grupogregge.com\/wp-content\/uploads\/2025\/09\/the-importance-of-container-shipping-its-role-and-trends-in-global-trade-ww.jpeg\" width=\"1536\" height=\"1152\" srcset=\"https:\/\/grupogregge.com\/wp-content\/uploads\/2025\/09\/the-importance-of-container-shipping-its-role-and-trends-in-global-trade-ww.jpeg 1536w, https:\/\/grupogregge.com\/wp-content\/uploads\/2025\/09\/the-importance-of-container-shipping-its-role-and-trends-in-global-trade-ww-300x225.jpeg 300w, https:\/\/grupogregge.com\/wp-content\/uploads\/2025\/09\/the-importance-of-container-shipping-its-role-and-trends-in-global-trade-ww-1024x768.jpeg 1024w, https:\/\/grupogregge.com\/wp-content\/uploads\/2025\/09\/the-importance-of-container-shipping-its-role-and-trends-in-global-trade-ww-768x576.jpeg 768w\" sizes=\"auto, (max-width: 1536px) 100vw, 1536px\"><\/div>\n\t<\/div><\/figure>\n\n<\/div>\n<\/div><div class=\"bde-column-59-327 bde-column\">\n  \n  \n\t\n\n\n\n<div class=\"bde-text-59-361 bde-text\">\nGrupo Gregge is composed of a staff of highly specialized professionals in the areas of foreign trade, international logistics, port services and agricultural technical advice, achieving a trend in the quality of our daily work, as well as in the different services we provide, to facilitate the development of international trade, access to markets for our products and the connection of international markets.\n<\/div>\n<\/div><\/div><div class=\"bde-text-59-333 bde-text\">\nWe provide advisory services in international logistics, import, export and everything related to port activities.\n\nOver the years, we have expanded internationally and are currently present in Europe, North Africa and South America to market food products with high quality standards and internationally recognized.\n<\/div><\/div>\n<\/section><section id=\"mision_vision\" class=\"bde-section-59-198 bde-section\">\n  \n  \n\t\n\n\n\n<div class=\"section-container\"><div class=\"bde-columns-59-199 bde-columns\"><div class=\"bde-column-59-200 bde-column\">\n  \n  \n\t\n\n\n\n<div id=\"actividad\" class=\"bde-icon-box-59-191 bde-icon-box\">\n\n    \n            <div class=\"ee-iconbox-icon breakdance-icon-atom\" >\n    \n                    <svg xmlns=\"http:\/\/www.w3.org\/2000\/svg\" id=\"icon-target\" viewbox=\"0 0 32 32\">\n<path d=\"M32 14h-3.154c-0.864-5.57-5.276-9.982-10.846-10.846v-3.154h-4v3.154c-5.57 0.864-9.982 5.276-10.846 10.846h-3.154v4h3.154c0.864 5.57 5.276 9.982 10.846 10.846v3.154h4v-3.154c5.57-0.864 9.982-5.276 10.846-10.846h3.154v-4zM24.776 14h-3.118c-0.603-1.705-1.953-3.056-3.658-3.658v-3.118c3.36 0.765 6.010 3.416 6.776 6.776zM16 18c-1.105 0-2-0.895-2-2s0.895-2 2-2c1.105 0 2 0.895 2 2s-0.895 2-2 2zM14 7.224v3.118c-1.705 0.603-3.056 1.953-3.658 3.658h-3.118c0.765-3.36 3.416-6.010 6.776-6.776zM7.224 18h3.118c0.603 1.705 1.953 3.056 3.658 3.658v3.118c-3.36-0.765-6.010-3.416-6.776-6.776zM18 24.776v-3.118c1.705-0.603 3.056-1.953 3.658-3.658h3.118c-0.765 3.36-3.416 6.010-6.776 6.776z\"\/>\n<\/svg>\n        \n        \n        \n            <\/div>\n    \n\n<div class=\"ee-iconbox-content\">\n      <h4 class=\"ee-iconbox-title bde-h3\" >Mission<\/h4>\n        <div class=\"ee-iconbox-text\" >To offer high quality products and services that generate confidence and sustainable growth for our customers.<\/div>\n    <\/div>\n\n<\/div>\n<\/div><div class=\"bde-column-59-201 bde-column\">\n  \n  \n\t\n\n\n\n<div id=\"actividad\" class=\"bde-icon-box-59-197 bde-icon-box\">\n\n    \n            <div class=\"ee-iconbox-icon breakdance-icon-atom\" >\n    \n                    <svg xmlns=\"http:\/\/www.w3.org\/2000\/svg\" viewbox=\"0 0 448 512\"><!--! Font Awesome Free 6.5.1 by @fontawesome - https:\/\/fontawesome.com License - https:\/\/fontawesome.com\/license\/free (Icons: CC BY 4.0, Fonts: SIL OFL 1.1, Code: MIT License) Copyright 2023 Fonticons, Inc. --><path d=\"M0 32c477.6 0 366.6 317.3 367.1 366.3L448 480h-26l-70.4-71.2c-39 4.2-124.4 34.5-214.4-37C47 300.3 52 214.7 0 32zm79.7 46c-49.7-23.5-5.2 9.2-5.2 9.2 45.2 31.2 66 73.7 90.2 119.9 31.5 60.2 79 139.7 144.2 167.7 65 28 34.2 12.5 6-8.5-28.2-21.2-68.2-87-91-130.2-31.7-60-61-118.6-144.2-158.1z\"\/><\/svg>\n        \n        \n        \n            <\/div>\n    \n\n<div class=\"ee-iconbox-content\">\n      <h4 class=\"ee-iconbox-title bde-h3\" >Vision<\/h4>\n        <div class=\"ee-iconbox-text\" >To become a reference in international trade and logistics solutions worldwide.<\/div>\n    <\/div>\n\n<\/div>\n<\/div><div class=\"bde-column-59-202 bde-column\">\n  \n  \n\t\n\n\n\n<div id=\"actividad\" class=\"bde-icon-box-59-196 bde-icon-box\">\n\n    \n            <div class=\"ee-iconbox-icon breakdance-icon-atom\" >\n    \n                    <svg xmlns=\"http:\/\/www.w3.org\/2000\/svg\" viewbox=\"0 0 640 512\"><!--! Font Awesome Free 6.5.1 by @fontawesome - https:\/\/fontawesome.com License - https:\/\/fontawesome.com\/license\/free (Icons: CC BY 4.0, Fonts: SIL OFL 1.1, Code: MIT License) Copyright 2023 Fonticons, Inc. --><path d=\"M80 48a48 48 0 1 1 96 0A48 48 0 1 1 80 48zm64 193.7v65.1l51 51c7.1 7.1 11.8 16.2 13.4 26.1l15.2 90.9c2.9 17.4-8.9 33.9-26.3 36.8s-33.9-8.9-36.8-26.3l-14.3-85.9L66.8 320C54.8 308 48 291.7 48 274.7V186.6c0-32.4 26.2-58.6 58.6-58.6c24.1 0 46.5 12 59.9 32l47.4 71.1 10.1 5V160c0-17.7 14.3-32 32-32H384c17.7 0 32 14.3 32 32v76.2l10.1-5L473.5 160c13.3-20 35.8-32 59.9-32c32.4 0 58.6 26.2 58.6 58.6v88.1c0 17-6.7 33.3-18.7 45.3l-79.4 79.4-14.3 85.9c-2.9 17.4-19.4 29.2-36.8 26.3s-29.2-19.4-26.3-36.8l15.2-90.9c1.6-9.9 6.3-19 13.4-26.1l51-51V241.7l-19 28.5c-4.6 7-11 12.6-18.5 16.3l-59.6 29.8c-2.4 1.3-4.9 2.2-7.6 2.8c-2.6 .6-5.3 .9-7.9 .8H256.7c-2.5 .1-5-.2-7.5-.7c-2.9-.6-5.6-1.6-8.1-3l-59.5-29.8c-7.5-3.7-13.8-9.4-18.5-16.3l-19-28.5zM2.3 468.1L50.1 348.6l49.2 49.2-37.6 94c-6.6 16.4-25.2 24.4-41.6 17.8S-4.3 484.5 2.3 468.1zM512 0a48 48 0 1 1 0 96 48 48 0 1 1 0-96zm77.9 348.6l47.8 119.5c6.6 16.4-1.4 35-17.8 41.6s-35-1.4-41.6-17.8l-37.6-94 49.2-49.2z\"\/><\/svg>\n        \n        \n        \n            <\/div>\n    \n\n<div class=\"ee-iconbox-content\">\n      <h4 class=\"ee-iconbox-title bde-h3\" >Values<\/h4>\n        <div class=\"ee-iconbox-text\" >Transparency, commitment, innovation and sustainability.<\/div>\n    <\/div>\n\n<\/div>\n<\/div><\/div><\/div>\n<\/section><section class=\"bde-section-59-364 bde-section\">\n  \n  \n\t\n\n\n\n<div class=\"section-container\"><div class=\"bde-text-59-371 bde-text\">\nWe are exclusive international representatives of leading companies in the production of seafood, fruits, vegetables and grains, bringing products of the best selection to international markets.\n<\/div><div class=\"bde-columns-59-365 bde-columns\"><div class=\"bde-column-59-366 bde-column\">\n  \n  \n\t\n\n\n\n<h2 class=\"bde-dual-heading-59-368 bde-dual-heading\">\n\n\n            <span data-style=\"primary\" class=\"dual-heading--primary\">Why<\/span>\n\n            <span data-style=\"secondary\" class=\"dual-heading--secondary\">choose us?<\/span>\n\n\n\n<\/h2><ul class=\"bde-basic-list-59-369 bde-basic-list\">\n  <li  >    \n          Experience in international markets.\n      <\/li>\n  <li  >    \n          Network of strategic allies in different sectors.\n      <\/li>\n  <li  >    \n          Commitment to quality and sustainability.\n      <\/li>\n  <li  >    \n          Integral solutions adapted to each client.\n      <\/li>\n<\/ul>\n<\/div><div class=\"bde-column-59-367 bde-column\">\n  \n  \n\t\n\n\n\n<img decoding=\"async\" class=\"bde-image2-59-370 bde-image2\" src=\"https:\/\/grupogregge.com\/wp-content\/uploads\/2025\/10\/Captura-de-pantalla-2025-10-02-a-las-9.39.13-p.-m.-min-768x439.png\" loading=\"lazy\" srcset=\"https:\/\/grupogregge.com\/wp-content\/uploads\/2025\/10\/Captura-de-pantalla-2025-10-02-a-las-9.39.13-p.-m.-min-768x439.png 768w, https:\/\/grupogregge.com\/wp-content\/uploads\/2025\/10\/Captura-de-pantalla-2025-10-02-a-las-9.39.13-p.-m.-min-300x172.png 300w, https:\/\/grupogregge.com\/wp-content\/uploads\/2025\/10\/Captura-de-pantalla-2025-10-02-a-las-9.39.13-p.-m.-min-1024x586.png 1024w, https:\/\/grupogregge.com\/wp-content\/uploads\/2025\/10\/Captura-de-pantalla-2025-10-02-a-las-9.39.13-p.-m.-min-1536x878.png 1536w, https:\/\/grupogregge.com\/wp-content\/uploads\/2025\/10\/Captura-de-pantalla-2025-10-02-a-las-9.39.13-p.-m.-min-18x10.png 18w\" sizes=\"(max-width: 768px) 100vw, 768px\">\n<\/div><\/div><\/div>\n<\/section>","protected":false},"excerpt":{"rendered":"<p>Qui\u00e9nes somos Grupo Gregge es una empresa con despliegue multinacional que se cre\u00f3 en el 2020 en Uruguay con la visi\u00f3n de ser un socio estrat\u00e9gico en el comercio internacional con productos de altos est\u00e1ndares de calidad tanto para consumo humano como animal. Hemos desarrollado una s\u00f3lida red de proveedores, clientes y aliados estrat\u00e9gicos que [&hellip;]<\/p>","protected":false},"author":1,"featured_media":0,"parent":0,"menu_order":0,"comment_status":"closed","ping_status":"closed","template":"","meta":{"_breakdance_hide_in_design_set":false,"_breakdance_tags":"","footnotes":""},"class_list":["post-59","page","type-page","status-publish","hentry"],"_links":{"self":[{"href":"https:\/\/grupogregge.com\/en\/wp-json\/wp\/v2\/pages\/59","targetHints":{"allow":["GET"]}}],"collection":[{"href":"https:\/\/grupogregge.com\/en\/wp-json\/wp\/v2\/pages"}],"about":[{"href":"https:\/\/grupogregge.com\/en\/wp-json\/wp\/v2\/types\/page"}],"author":[{"embeddable":true,"href":"https:\/\/grupogregge.com\/en\/wp-json\/wp\/v2\/users\/1"}],"replies":[{"embeddable":true,"href":"https:\/\/grupogregge.com\/en\/wp-json\/wp\/v2\/comments?post=59"}],"version-history":[{"count":78,"href":"https:\/\/grupogregge.com\/en\/wp-json\/wp\/v2\/pages\/59\/revisions"}],"predecessor-version":[{"id":525,"href":"https:\/\/grupogregge.com\/en\/wp-json\/wp\/v2\/pages\/59\/revisions\/525"}],"wp:attachment":[{"href":"https:\/\/grupogregge.com\/en\/wp-json\/wp\/v2\/media?parent=59"}],"curies":[{"name":"wp","href":"https:\/\/api.w.org\/{rel}","templated":true}]}}